{"id":476,"date":"2019-02-05T16:17:00","date_gmt":"2019-02-05T16:17:00","guid":{"rendered":"https:\/\/www.bellagioguesthouse.com\/contatti\/contacts-request-successfully-submitted\/"},"modified":"2019-12-19T11:41:20","modified_gmt":"2019-12-19T11:41:20","slug":"richiesta-informazioni-ricevuta-correttamente","status":"publish","type":"page","link":"https:\/\/www.bellagioguesthouse.com\/it\/contatti\/richiesta-informazioni-ricevuta-correttamente\/","title":{"rendered":"Contatti &#8211; Richiesta informazioni ricevuta correttamente"},"content":{"rendered":"<section class=\"l-section wpb_row height_medium\"><div class=\"l-section-h i-cf\"><div class=\"g-cols vc_row via_flex valign_middle type_default stacking_default\"><div class=\"vc_col-sm-12 wpb_column vc_column_container\"><div class=\"vc_column-inner\"><div class=\"wpb_wrapper\"><div class=\"wpb_text_column contact-content\"><div class=\"wpb_wrapper\"><h1>CONTATTI<\/h1>\n<\/div><\/div><div class=\"wpb_text_column contact-content\"><div class=\"wpb_wrapper\"><p>La ringraziamo per averci contattato, risponderemo alla sua richiesta di informazioni il pi\u00f9 presto possibile.<\/p>\n<p><strong>Lo Staff di Bellagio Pescallo Guesthouse<\/strong><\/p>\n<\/div><\/div><div class=\"w-separator us_custom_d9be00f0 has_text_color size_medium with_line width_default thick_1 style_solid color_border align_center\"><div class=\"w-separator-h\"><\/div><\/div><div class=\"wpb_text_column contact-content\"><div class=\"wpb_wrapper\"><p><a href=\"https:\/\/www.bellagioguesthouse.com\/book-now\/\"><strong>Per verificare il calendario della disponibilit\u00e0 corrente pu\u00f2 utilizzare la pagina &#8221; <i class=\"far fa-calendar-alt\"><\/i> PRENOTA ORA &#8220;<\/strong><\/a><\/p>\n<p>Per ogni altra richiesta di informazioni:<\/p>\n<p><i class=\"fa fa-envelope\"><\/i> <a href=\"mailto:info@bellagioguesthouse.com\"><strong>info@bellagioguesthouse.com<\/strong><\/a> &#8211; <i class=\"fab fa-whatsapp\"><\/i> <i class=\"fas fa-phone\"><\/i> <a href=\"tel:tel:+393403949375\"><strong>340 39 49 375<\/strong><\/a><\/p>\n<\/div><\/div><\/div><\/div><\/div><\/div><\/div><\/section>\n","protected":false},"excerpt":{"rendered":"CONTATTI La ringraziamo per averci contattato, risponderemo alla sua richiesta di informazioni il pi\u00f9 presto possibile. Lo Staff di Bellagio Pescallo Guesthouse Per verificare il calendario della disponibilit\u00e0 corrente pu\u00f2 utilizzare la pagina &#8221; PRENOTA ORA &#8220; Per ogni altra richiesta di informazioni: info@bellagioguesthouse.com &#8211; 340 39 49 375","protected":false},"author":1,"featured_media":0,"parent":276,"menu_order":0,"comment_status":"closed","ping_status":"closed","template":"","meta":{"footnotes":""},"class_list":["post-476","page","type-page","status-publish","hentry"],"_links":{"self":[{"href":"https:\/\/www.bellagioguesthouse.com\/it\/wp-json\/wp\/v2\/pages\/476","targetHints":{"allow":["GET"]}}],"collection":[{"href":"https:\/\/www.bellagioguesthouse.com\/it\/wp-json\/wp\/v2\/pages"}],"about":[{"href":"https:\/\/www.bellagioguesthouse.com\/it\/wp-json\/wp\/v2\/types\/page"}],"author":[{"embeddable":true,"href":"https:\/\/www.bellagioguesthouse.com\/it\/wp-json\/wp\/v2\/users\/1"}],"replies":[{"embeddable":true,"href":"https:\/\/www.bellagioguesthouse.com\/it\/wp-json\/wp\/v2\/comments?post=476"}],"version-history":[{"count":3,"href":"https:\/\/www.bellagioguesthouse.com\/it\/wp-json\/wp\/v2\/pages\/476\/revisions"}],"predecessor-version":[{"id":851,"href":"https:\/\/www.bellagioguesthouse.com\/it\/wp-json\/wp\/v2\/pages\/476\/revisions\/851"}],"up":[{"embeddable":true,"href":"https:\/\/www.bellagioguesthouse.com\/it\/wp-json\/wp\/v2\/pages\/276"}],"wp:attachment":[{"href":"https:\/\/www.bellagioguesthouse.com\/it\/wp-json\/wp\/v2\/media?parent=476"}],"curies":[{"name":"wp","href":"https:\/\/api.w.org\/{rel}","templated":true}]}}